{"id":1558,"date":"2022-01-22T09:39:16","date_gmt":"2022-01-22T12:39:16","guid":{"rendered":"https:\/\/contabilandery.com.br\/?page_id=1558"},"modified":"2023-10-24T10:01:56","modified_gmt":"2023-10-24T13:01:56","slug":"historia","status":"publish","type":"page","link":"https:\/\/contabilandery.com.br\/index.php\/historia\/","title":{"rendered":"Hist\u00f3ria"},"content":{"rendered":"\t\t<div data-elementor-type=\"wp-page\" data-elementor-id=\"1558\" class=\"elementor elementor-1558\">\n\t\t\t\t\t\t\t\t\t<section class=\"elementor-section elementor-top-section elementor-element elementor-element-8751007 elementor-section-boxed elementor-section-height-default elementor-section-height-default\" data-id=\"8751007\" data-element_type=\"section\" data-settings=\"{&quot;background_background&quot;:&quot;classic&quot;}\">\n\t\t\t\t\t\t<div class=\"elementor-container elementor-column-gap-default\">\n\t\t\t\t\t<div class=\"elementor-column elementor-col-100 elementor-top-column elementor-element elementor-element-6c8cd8a\" data-id=\"6c8cd8a\" data-element_type=\"column\" data-settings=\"{&quot;background_background&quot;:&quot;classic&quot;}\">\n\t\t\t<div class=\"elementor-widget-wrap elementor-element-populated\">\n\t\t\t\t\t\t\t\t<div class=\"elementor-element elementor-element-e5e8dfd elementor-widget elementor-widget-spacer\" data-id=\"e5e8dfd\" data-element_type=\"widget\" data-widget_type=\"spacer.default\">\n\t\t\t\t<div class=\"elementor-widget-container\">\n\t\t\t<style>\/*! elementor - v3.6.0 - 21-03-2022 *\/\n.e-container.e-container--row .elementor-spacer-inner{width:var(--spacer-size)}.e-container.e-container--column .elementor-spacer-inner,.elementor-column .elementor-spacer-inner{height:var(--spacer-size)}<\/style>\t\t<div class=\"elementor-spacer\">\n\t\t\t<div class=\"elementor-spacer-inner\"><\/div>\n\t\t<\/div>\n\t\t\t\t<\/div>\n\t\t\t\t<\/div>\n\t\t\t\t<div class=\"elementor-element elementor-element-f9a3f97 elementor-widget elementor-widget-heading\" data-id=\"f9a3f97\" data-element_type=\"widget\" data-widget_type=\"heading.default\">\n\t\t\t\t<div class=\"elementor-widget-container\">\n\t\t\t<style>\/*! elementor - v3.6.0 - 21-03-2022 *\/\n.elementor-heading-title{padding:0;margin:0;line-height:1}.elementor-widget-heading .elementor-heading-title[class*=elementor-size-]>a{color:inherit;font-size:inherit;line-height:inherit}.elementor-widget-heading .elementor-heading-title.elementor-size-small{font-size:15px}.elementor-widget-heading .elementor-heading-title.elementor-size-medium{font-size:19px}.elementor-widget-heading .elementor-heading-title.elementor-size-large{font-size:29px}.elementor-widget-heading .elementor-heading-title.elementor-size-xl{font-size:39px}.elementor-widget-heading .elementor-heading-title.elementor-size-xxl{font-size:59px}<\/style><h2 class=\"elementor-heading-title elementor-size-default\">Nossa Hist\u00f3ria<\/h2>\t\t<\/div>\n\t\t\t\t<\/div>\n\t\t\t\t<div class=\"elementor-element elementor-element-6787078 elementor-widget elementor-widget-spacer\" data-id=\"6787078\" data-element_type=\"widget\" data-widget_type=\"spacer.default\">\n\t\t\t\t<div class=\"elementor-widget-container\">\n\t\t\t\t\t<div class=\"elementor-spacer\">\n\t\t\t<div class=\"elementor-spacer-inner\"><\/div>\n\t\t<\/div>\n\t\t\t\t<\/div>\n\t\t\t\t<\/div>\n\t\t\t\t\t<\/div>\n\t\t<\/div>\n\t\t\t\t\t\t\t<\/div>\n\t\t<\/section>\n\t\t\t\t<section class=\"elementor-section elementor-top-section elementor-element elementor-element-012f371 elementor-section-boxed elementor-section-height-default elementor-section-height-default\" data-id=\"012f371\" data-element_type=\"section\">\n\t\t\t\t\t\t<div class=\"elementor-container elementor-column-gap-default\">\n\t\t\t\t\t<div class=\"elementor-column elementor-col-100 elementor-top-column elementor-element elementor-element-3880aa2\" data-id=\"3880aa2\" data-element_type=\"column\">\n\t\t\t<div class=\"elementor-widget-wrap elementor-element-populated\">\n\t\t\t\t\t\t\t\t<div class=\"elementor-element elementor-element-b975f0d elementor-widget elementor-widget-spacer\" data-id=\"b975f0d\" data-element_type=\"widget\" data-widget_type=\"spacer.default\">\n\t\t\t\t<div class=\"elementor-widget-container\">\n\t\t\t\t\t<div class=\"elementor-spacer\">\n\t\t\t<div class=\"elementor-spacer-inner\"><\/div>\n\t\t<\/div>\n\t\t\t\t<\/div>\n\t\t\t\t<\/div>\n\t\t\t\t\t<\/div>\n\t\t<\/div>\n\t\t\t\t\t\t\t<\/div>\n\t\t<\/section>\n\t\t\t\t<section class=\"elementor-section elementor-top-section elementor-element elementor-element-970f0b6 elementor-section-height-min-height elementor-section-boxed elementor-section-height-default elementor-section-items-middle\" data-id=\"970f0b6\" data-element_type=\"section\" data-settings=\"{&quot;background_background&quot;:&quot;classic&quot;}\">\n\t\t\t\t\t\t<div class=\"elementor-container elementor-column-gap-default\">\n\t\t\t\t\t<div class=\"elementor-column elementor-col-50 elementor-top-column elementor-element elementor-element-fe37041\" data-id=\"fe37041\" data-element_type=\"column\" data-settings=\"{&quot;background_background&quot;:&quot;classic&quot;}\">\n\t\t\t<div class=\"elementor-widget-wrap elementor-element-populated\">\n\t\t\t\t\t\t\t\t<div class=\"elementor-element elementor-element-99dde7b elementor-widget elementor-widget-spacer\" data-id=\"99dde7b\" data-element_type=\"widget\" data-widget_type=\"spacer.default\">\n\t\t\t\t<div class=\"elementor-widget-container\">\n\t\t\t\t\t<div class=\"elementor-spacer\">\n\t\t\t<div class=\"elementor-spacer-inner\"><\/div>\n\t\t<\/div>\n\t\t\t\t<\/div>\n\t\t\t\t<\/div>\n\t\t\t\t\t<\/div>\n\t\t<\/div>\n\t\t\t\t<div class=\"elementor-column elementor-col-50 elementor-top-column elementor-element elementor-element-1f2d4ae\" data-id=\"1f2d4ae\" data-element_type=\"column\">\n\t\t\t<div class=\"elementor-widget-wrap elementor-element-populated\">\n\t\t\t\t\t\t\t\t<div class=\"elementor-element elementor-element-03b2e53 elementor-widget elementor-widget-text-editor\" data-id=\"03b2e53\" data-element_type=\"widget\" data-widget_type=\"text-editor.default\">\n\t\t\t\t<div class=\"elementor-widget-container\">\n\t\t\t<style>\/*! elementor - v3.6.0 - 21-03-2022 *\/\n.elementor-widget-text-editor.elementor-drop-cap-view-stacked .elementor-drop-cap{background-color:#818a91;color:#fff}.elementor-widget-text-editor.elementor-drop-cap-view-framed .elementor-drop-cap{color:#818a91;border:3px solid;background-color:transparent}.elementor-widget-text-editor:not(.elementor-drop-cap-view-default) .elementor-drop-cap{margin-top:8px}.elementor-widget-text-editor:not(.elementor-drop-cap-view-default) .elementor-drop-cap-letter{width:1em;height:1em}.elementor-widget-text-editor .elementor-drop-cap{float:left;text-align:center;line-height:1;font-size:50px}.elementor-widget-text-editor .elementor-drop-cap-letter{display:inline-block}<\/style>\t\t\t\t<p>O Escrit\u00f3rio Cont\u00e1bil Andery \u00e9 uma empresa familiar estabelecida em Bueno Brand\u00e3o, sul de Minas Gerais, que foi criada em 1955 por Paulo Jos\u00e9 Andery, ent\u00e3o t\u00e9cnico em contabilidade.<\/p>\n<p>Na ocasi\u00e3o, Paulo acabara de se mudar para a pequena cidade, e assumiu algumas empresas de um contador que iria mudar-se para a cidade de Campinas, S\u00e3o Paulo.<\/p>\n<p>O in\u00edcio foi muito dif\u00edcil, pois como eram poucos clientes, os honor\u00e1rios davam apenas para as despesas, tanto que os servi\u00e7os eram prestados na pr\u00f3pria casa de Paulo, como forma de economia.<\/p>\n<p>Simultaneamente ao crescimento da cidade, houve tamb\u00e9m o crescimento do Escrit\u00f3rio Cont\u00e1bil Andery.<\/p>\n<p>Com o passar do tempo, Paulo transferiu a empresa para seus filhos que deram continuidade aos servi\u00e7os de qualidade e confian\u00e7a, elevando ainda mais o conceito da empresa, expandindo suas fronteiras.<\/p>\t\t\t\t\t\t<\/div>\n\t\t\t\t<\/div>\n\t\t\t\t\t<\/div>\n\t\t<\/div>\n\t\t\t\t\t\t\t<\/div>\n\t\t<\/section>\n\t\t\t\t<section class=\"elementor-section elementor-top-section elementor-element elementor-element-7541fef elementor-section-boxed elementor-section-height-default elementor-section-height-default\" data-id=\"7541fef\" data-element_type=\"section\" data-settings=\"{&quot;background_background&quot;:&quot;classic&quot;}\">\n\t\t\t\t\t\t<div class=\"elementor-container elementor-column-gap-default\">\n\t\t\t\t\t<div class=\"elementor-column elementor-col-100 elementor-top-column elementor-element elementor-element-dcdde11\" data-id=\"dcdde11\" data-element_type=\"column\">\n\t\t\t<div class=\"elementor-widget-wrap elementor-element-populated\">\n\t\t\t\t\t\t\t\t<div class=\"elementor-element elementor-element-042be84 elementor-widget elementor-widget-text-editor\" data-id=\"042be84\" data-element_type=\"widget\" data-widget_type=\"text-editor.default\">\n\t\t\t\t<div class=\"elementor-widget-container\">\n\t\t\t\t\t\t\t<p>Atualmente, o Cont\u00e1bil Andery est\u00e1 sob os cuidados de Carlos, neto de Paulo, que busca a cada dia manter a qualidade e responsabilidade nos os servi\u00e7os prestados, marca registrada desde os tempos de seu av\u00f4.<\/p>\n<p>O Cont\u00e1bil Andery possui clientes em diversas cidades de Minas Gerais e S\u00e3o Paulo:<\/p>\n<ul>\n<li>Bueno Brand\u00e3o&nbsp;<\/li>\n<li>Ouro Fino<\/li>\n<li>Munhoz<\/li>\n<li>Senador Amaral<\/li>\n<li>Inconfidentes<\/li>\n<li>Monte Si\u00e3o<\/li>\n<li>\u00c1guas de Lind\u00f3ia<\/li>\n<li>Socorro<\/li>\n<li>Campinas<\/li>\n<li>S\u00e3o Paulo<\/li>\n<li>Uberaba<\/li>\n<li>Vargem Grande do Sul<\/li>\n<li>Bom Repouso<\/li><li>Pouso Alegre<\/li>\n<\/ul>\t\t\t\t\t\t<\/div>\n\t\t\t\t<\/div>\n\t\t\t\t\t<\/div>\n\t\t<\/div>\n\t\t\t\t\t\t\t<\/div>\n\t\t<\/section>\n\t\t\t\t<section class=\"elementor-section elementor-top-section elementor-element elementor-element-10c6ca4 elementor-section-boxed elementor-section-height-default elementor-section-height-default\" data-id=\"10c6ca4\" data-element_type=\"section\">\n\t\t\t\t\t\t<div class=\"elementor-container elementor-column-gap-default\">\n\t\t\t\t\t<div class=\"elementor-column elementor-col-100 elementor-top-column elementor-element elementor-element-7202f72\" data-id=\"7202f72\" data-element_type=\"column\">\n\t\t\t<div class=\"elementor-widget-wrap elementor-element-populated\">\n\t\t\t\t\t\t\t\t<div class=\"elementor-element elementor-element-354032a elementor-widget elementor-widget-spacer\" data-id=\"354032a\" data-element_type=\"widget\" data-widget_type=\"spacer.default\">\n\t\t\t\t<div class=\"elementor-widget-container\">\n\t\t\t\t\t<div class=\"elementor-spacer\">\n\t\t\t<div class=\"elementor-spacer-inner\"><\/div>\n\t\t<\/div>\n\t\t\t\t<\/div>\n\t\t\t\t<\/div>\n\t\t\t\t\t<\/div>\n\t\t<\/div>\n\t\t\t\t\t\t\t<\/div>\n\t\t<\/section>\n\t\t\t\t\t\t\t<\/div>\n\t\t","protected":false},"excerpt":{"rendered":"<p>Nossa Hist\u00f3ria O Escrit\u00f3rio Cont\u00e1bil Andery \u00e9 uma empresa familiar estabelecida em Bueno Brand\u00e3o, sul de Minas Gerais, que foi criada em 1955 por Paulo Jos\u00e9 Andery, ent\u00e3o t\u00e9cnico em contabilidade. Na ocasi\u00e3o, Paulo acabara de se mudar para a pequena cidade, e assumiu algumas empresas de um contador que iria mudar-se para a cidade [&hellip;]<\/p>\n","protected":false},"author":1,"featured_media":0,"parent":0,"menu_order":0,"comment_status":"closed","ping_status":"closed","template":"","meta":{"om_disable_all_campaigns":false,"_mi_skip_tracking":false,"_monsterinsights_sitenote_active":false,"_monsterinsights_sitenote_note":"","_monsterinsights_sitenote_category":0},"aioseo_notices":[],"_links":{"self":[{"href":"https:\/\/contabilandery.com.br\/index.php\/wp-json\/wp\/v2\/pages\/1558"}],"collection":[{"href":"https:\/\/contabilandery.com.br\/index.php\/wp-json\/wp\/v2\/pages"}],"about":[{"href":"https:\/\/contabilandery.com.br\/index.php\/wp-json\/wp\/v2\/types\/page"}],"author":[{"embeddable":true,"href":"https:\/\/contabilandery.com.br\/index.php\/wp-json\/wp\/v2\/users\/1"}],"replies":[{"embeddable":true,"href":"https:\/\/contabilandery.com.br\/index.php\/wp-json\/wp\/v2\/comments?post=1558"}],"version-history":[{"count":80,"href":"https:\/\/contabilandery.com.br\/index.php\/wp-json\/wp\/v2\/pages\/1558\/revisions"}],"predecessor-version":[{"id":2346,"href":"https:\/\/contabilandery.com.br\/index.php\/wp-json\/wp\/v2\/pages\/1558\/revisions\/2346"}],"wp:attachment":[{"href":"https:\/\/contabilandery.com.br\/index.php\/wp-json\/wp\/v2\/media?parent=1558"}],"curies":[{"name":"wp","href":"https:\/\/api.w.org\/{rel}","templated":true}]}}