{"id":2082,"date":"2022-01-27T17:20:59","date_gmt":"2022-01-27T20:20:59","guid":{"rendered":"https:\/\/contabilandery.com.br\/?page_id=2082"},"modified":"2025-11-10T15:49:58","modified_gmt":"2025-11-10T18:49:58","slug":"links-uteis","status":"publish","type":"page","link":"https:\/\/contabilandery.com.br\/index.php\/links-uteis\/","title":{"rendered":"Links \u00dateis"},"content":{"rendered":"\t\t<div data-elementor-type=\"wp-page\" data-elementor-id=\"2082\" class=\"elementor elementor-2082\">\n\t\t\t\t\t\t\t\t\t<section class=\"elementor-section elementor-top-section elementor-element elementor-element-f032fdd elementor-section-boxed elementor-section-height-default elementor-section-height-default\" data-id=\"f032fdd\" data-element_type=\"section\" data-settings=\"{&quot;background_background&quot;:&quot;classic&quot;}\">\n\t\t\t\t\t\t<div class=\"elementor-container elementor-column-gap-default\">\n\t\t\t\t\t<div class=\"elementor-column elementor-col-100 elementor-top-column elementor-element elementor-element-60b5f27\" data-id=\"60b5f27\" data-element_type=\"column\">\n\t\t\t<div class=\"elementor-widget-wrap elementor-element-populated\">\n\t\t\t\t\t\t\t\t<div class=\"elementor-element elementor-element-7b21eac elementor-widget elementor-widget-spacer\" data-id=\"7b21eac\" data-element_type=\"widget\" data-widget_type=\"spacer.default\">\n\t\t\t\t<div class=\"elementor-widget-container\">\n\t\t\t<style>\/*! elementor - v3.6.0 - 21-03-2022 *\/\n.e-container.e-container--row .elementor-spacer-inner{width:var(--spacer-size)}.e-container.e-container--column .elementor-spacer-inner,.elementor-column .elementor-spacer-inner{height:var(--spacer-size)}<\/style>\t\t<div class=\"elementor-spacer\">\n\t\t\t<div class=\"elementor-spacer-inner\"><\/div>\n\t\t<\/div>\n\t\t\t\t<\/div>\n\t\t\t\t<\/div>\n\t\t\t\t<div class=\"elementor-element elementor-element-8d1c429 elementor-widget elementor-widget-heading\" data-id=\"8d1c429\" data-element_type=\"widget\" data-widget_type=\"heading.default\">\n\t\t\t\t<div class=\"elementor-widget-container\">\n\t\t\t<style>\/*! elementor - v3.6.0 - 21-03-2022 *\/\n.elementor-heading-title{padding:0;margin:0;line-height:1}.elementor-widget-heading .elementor-heading-title[class*=elementor-size-]>a{color:inherit;font-size:inherit;line-height:inherit}.elementor-widget-heading .elementor-heading-title.elementor-size-small{font-size:15px}.elementor-widget-heading .elementor-heading-title.elementor-size-medium{font-size:19px}.elementor-widget-heading .elementor-heading-title.elementor-size-large{font-size:29px}.elementor-widget-heading .elementor-heading-title.elementor-size-xl{font-size:39px}.elementor-widget-heading .elementor-heading-title.elementor-size-xxl{font-size:59px}<\/style><h2 class=\"elementor-heading-title elementor-size-default\">Links \u00dateis<\/h2>\t\t<\/div>\n\t\t\t\t<\/div>\n\t\t\t\t<div class=\"elementor-element elementor-element-9f05793 elementor-widget elementor-widget-spacer\" data-id=\"9f05793\" data-element_type=\"widget\" data-widget_type=\"spacer.default\">\n\t\t\t\t<div class=\"elementor-widget-container\">\n\t\t\t\t\t<div class=\"elementor-spacer\">\n\t\t\t<div class=\"elementor-spacer-inner\"><\/div>\n\t\t<\/div>\n\t\t\t\t<\/div>\n\t\t\t\t<\/div>\n\t\t\t\t\t<\/div>\n\t\t<\/div>\n\t\t\t\t\t\t\t<\/div>\n\t\t<\/section>\n\t\t\t\t<section class=\"elementor-section elementor-top-section elementor-element elementor-element-f9545ab elementor-section-boxed elementor-section-height-default elementor-section-height-default\" data-id=\"f9545ab\" data-element_type=\"section\">\n\t\t\t\t\t\t<div class=\"elementor-container elementor-column-gap-default\">\n\t\t\t\t\t<div class=\"elementor-column elementor-col-100 elementor-top-column elementor-element elementor-element-8ba01d7\" data-id=\"8ba01d7\" data-element_type=\"column\">\n\t\t\t<div class=\"elementor-widget-wrap elementor-element-populated\">\n\t\t\t\t\t\t\t\t<div class=\"elementor-element elementor-element-24def6e elementor-widget elementor-widget-spacer\" data-id=\"24def6e\" data-element_type=\"widget\" data-widget_type=\"spacer.default\">\n\t\t\t\t<div class=\"elementor-widget-container\">\n\t\t\t\t\t<div class=\"elementor-spacer\">\n\t\t\t<div class=\"elementor-spacer-inner\"><\/div>\n\t\t<\/div>\n\t\t\t\t<\/div>\n\t\t\t\t<\/div>\n\t\t\t\t\t<\/div>\n\t\t<\/div>\n\t\t\t\t\t\t\t<\/div>\n\t\t<\/section>\n\t\t\t\t<section class=\"elementor-section elementor-top-section elementor-element elementor-element-992b110 elementor-section-boxed elementor-section-height-default elementor-section-height-default\" data-id=\"992b110\" data-element_type=\"section\" data-settings=\"{&quot;background_background&quot;:&quot;classic&quot;}\">\n\t\t\t\t\t\t<div class=\"elementor-container elementor-column-gap-default\">\n\t\t\t\t\t<div class=\"elementor-column elementor-col-33 elementor-top-column elementor-element elementor-element-96e1dbe\" data-id=\"96e1dbe\" data-element_type=\"column\">\n\t\t\t<div class=\"elementor-widget-wrap elementor-element-populated\">\n\t\t\t\t\t\t\t\t<div class=\"elementor-element elementor-element-f9757a1 elementor-widget elementor-widget-spacer\" data-id=\"f9757a1\" data-element_type=\"widget\" data-widget_type=\"spacer.default\">\n\t\t\t\t<div class=\"elementor-widget-container\">\n\t\t\t\t\t<div class=\"elementor-spacer\">\n\t\t\t<div class=\"elementor-spacer-inner\"><\/div>\n\t\t<\/div>\n\t\t\t\t<\/div>\n\t\t\t\t<\/div>\n\t\t\t\t<div class=\"elementor-element elementor-element-08488a2 elementor-widget elementor-widget-heading\" data-id=\"08488a2\" data-element_type=\"widget\" data-widget_type=\"heading.default\">\n\t\t\t\t<div class=\"elementor-widget-container\">\n\t\t\t<h2 class=\"elementor-heading-title elementor-size-default\">\u00d3RG\u00c3OS P\u00daBLICOS E GOVERNO<\/h2>\t\t<\/div>\n\t\t\t\t<\/div>\n\t\t\t\t<div class=\"elementor-element elementor-element-c40a884 elementor-widget elementor-widget-spacer\" data-id=\"c40a884\" data-element_type=\"widget\" data-widget_type=\"spacer.default\">\n\t\t\t\t<div class=\"elementor-widget-container\">\n\t\t\t\t\t<div class=\"elementor-spacer\">\n\t\t\t<div class=\"elementor-spacer-inner\"><\/div>\n\t\t<\/div>\n\t\t\t\t<\/div>\n\t\t\t\t<\/div>\n\t\t\t\t<div class=\"elementor-element elementor-element-75a7743 elementor-widget elementor-widget-text-editor\" data-id=\"75a7743\" data-element_type=\"widget\" data-widget_type=\"text-editor.default\">\n\t\t\t\t<div class=\"elementor-widget-container\">\n\t\t\t<style>\/*! elementor - v3.6.0 - 21-03-2022 *\/\n.elementor-widget-text-editor.elementor-drop-cap-view-stacked .elementor-drop-cap{background-color:#818a91;color:#fff}.elementor-widget-text-editor.elementor-drop-cap-view-framed .elementor-drop-cap{color:#818a91;border:3px solid;background-color:transparent}.elementor-widget-text-editor:not(.elementor-drop-cap-view-default) .elementor-drop-cap{margin-top:8px}.elementor-widget-text-editor:not(.elementor-drop-cap-view-default) .elementor-drop-cap-letter{width:1em;height:1em}.elementor-widget-text-editor .elementor-drop-cap{float:left;text-align:center;line-height:1;font-size:50px}.elementor-widget-text-editor .elementor-drop-cap-letter{display:inline-block}<\/style>\t\t\t\t<ul><li><a title=\"Receita Federal do Brasil\" href=\"http:\/\/www.gov.br\/receitafederal\/pt-br\/\" target=\"_blank\" rel=\"noopener\">Receita Federal<\/a><\/li><li><a title=\"Secretaria de Estado da Fazenda de Minas Gerais\" href=\"http:\/\/www.fazenda.mg.gov.br\/\" target=\"_blank\" rel=\"noopener\">Secretaria de Fazenda de Minas Gerais<\/a><\/li><li><a title=\"Portal do Empreendedor\" href=\"https:\/\/www.gov.br\/empresas-e-negocios\/pt-br\/empreendedor\" target=\"_blank\" rel=\"noopener\">Portal do Empreendedor<\/a><\/li><li><a title=\"Portal GOV\" href=\"https:\/\/sso.acesso.gov.br\/login?client_id=contas.acesso.gov.br&amp;authorization_id=17e9d65fd23\" target=\"_blank\" rel=\"noopener\">Portal de Acesso GOV<\/a><\/li><li><a title=\"Sebrae\" href=\"https:\/\/www.sebrae.com.br\/sites\/PortalSebrae\" target=\"_blank\" rel=\"noopener\">Sebrae<\/a><\/li><li><a title=\"Meu INSS\" href=\"https:\/\/meu.inss.gov.br\/#\/login\" target=\"_blank\" rel=\"noopener\">Meu INSS<\/a><\/li><li><a title=\"Portal do Simples Nacional\" href=\"http:\/\/www8.receita.fazenda.gov.br\/SimplesNacional\/\" target=\"_blank\" rel=\"noopener\">Portal do Simples Nacional<\/a><\/li><li><a title=\"Sintegra\" href=\"http:\/\/www.sintegra.gov.br\/\" target=\"_blank\" rel=\"noopener\">Sintegra<\/a><\/li><li><a title=\"Bueno Brand\u00e3o - MG\" href=\"https:\/\/buenobrandao.mg.gov.br\/\" target=\"_blank\" rel=\"noopener\">Prefeitura Municipal de Bueno Brand\u00e3o<\/a><\/li><li><a title=\"Minist\u00e9rio do Trabalho e Previd\u00eancia Social\" href=\"https:\/\/www.gov.br\/trabalho-e-previdencia\/pt-br\" target=\"_blank\" rel=\"noopener\">Minist\u00e9rio do Trabalho e Previd\u00eancia<\/a><\/li><li><a title=\"Caixa Econ\u00f4mica Federal\" href=\"https:\/\/www.caixa.gov.br\/Paginas\/home-caixa.aspx\" target=\"_blank\" rel=\"noopener\">Caixa Econ\u00f4mica Federal<\/a><\/li><\/ul>\t\t\t\t\t\t<\/div>\n\t\t\t\t<\/div>\n\t\t\t\t\t<\/div>\n\t\t<\/div>\n\t\t\t\t<div class=\"elementor-column elementor-col-33 elementor-top-column elementor-element elementor-element-0afc740\" data-id=\"0afc740\" data-element_type=\"column\">\n\t\t\t<div class=\"elementor-widget-wrap elementor-element-populated\">\n\t\t\t\t\t\t\t\t<div class=\"elementor-element elementor-element-dc9a9cd elementor-widget elementor-widget-spacer\" data-id=\"dc9a9cd\" data-element_type=\"widget\" data-widget_type=\"spacer.default\">\n\t\t\t\t<div class=\"elementor-widget-container\">\n\t\t\t\t\t<div class=\"elementor-spacer\">\n\t\t\t<div class=\"elementor-spacer-inner\"><\/div>\n\t\t<\/div>\n\t\t\t\t<\/div>\n\t\t\t\t<\/div>\n\t\t\t\t<div class=\"elementor-element elementor-element-f93347c elementor-widget elementor-widget-heading\" data-id=\"f93347c\" data-element_type=\"widget\" data-widget_type=\"heading.default\">\n\t\t\t\t<div class=\"elementor-widget-container\">\n\t\t\t<h2 class=\"elementor-heading-title elementor-size-default\">Utilidades<\/h2>\t\t<\/div>\n\t\t\t\t<\/div>\n\t\t\t\t<div class=\"elementor-element elementor-element-712a968 elementor-widget elementor-widget-spacer\" data-id=\"712a968\" data-element_type=\"widget\" data-widget_type=\"spacer.default\">\n\t\t\t\t<div class=\"elementor-widget-container\">\n\t\t\t\t\t<div class=\"elementor-spacer\">\n\t\t\t<div class=\"elementor-spacer-inner\"><\/div>\n\t\t<\/div>\n\t\t\t\t<\/div>\n\t\t\t\t<\/div>\n\t\t\t\t<div class=\"elementor-element elementor-element-3b89184 elementor-widget elementor-widget-text-editor\" data-id=\"3b89184\" data-element_type=\"widget\" data-widget_type=\"text-editor.default\">\n\t\t\t\t<div class=\"elementor-widget-container\">\n\t\t\t\t\t\t\t<ul><li><a title=\"Consulta CNPJ\" href=\"http:\/\/servicos.receita.fazenda.gov.br\/Servicos\/cnpjreva\/Cnpjreva_Solicitacao.asp\" target=\"_blank\" rel=\"noopener\">Consulta CNPJ<\/a><\/li><li><a title=\"Consulta CPF\" href=\"https:\/\/servicos.receita.fazenda.gov.br\/Servicos\/CPF\/ConsultaSituacao\/ConsultaPublica.asp\" target=\"_blank\" rel=\"noopener\">Consulta CPF<\/a><\/li><li><a title=\"C\u00e1lculo de INSS em atraso\" href=\"http:\/\/sal.receita.fazenda.gov.br\/PortalSalInternet\/faces\/pages\/index.xhtml\" target=\"_blank\" rel=\"noopener\">C\u00e1lculo de INSS em atraso<\/a><\/li><li><a title=\"C\u00e1lculo de Impostos Federais em atraso\" href=\"https:\/\/sicalc.receita.economia.gov.br\/sicalc\/principal\" target=\"_blank\" rel=\"noopener\">C\u00e1lculo de Impostos Federais em atraso<\/a><\/li><li><a title=\"C\u00e1lculo de ICMS em atraso\" href=\"https:\/\/www2.fazenda.mg.gov.br\/arrecadacao\/ctrl\/ARRECADA\/ARRECADA\/DOCUMENTO_ARRECADACAO?ACAO=VISUALIZAR\" target=\"_blank\" rel=\"noopener\">C\u00e1lculo de ICMS em atraso<\/a><\/li><\/ul>\t\t\t\t\t\t<\/div>\n\t\t\t\t<\/div>\n\t\t\t\t\t<\/div>\n\t\t<\/div>\n\t\t\t\t<div class=\"elementor-column elementor-col-33 elementor-top-column elementor-element elementor-element-09345b2\" data-id=\"09345b2\" data-element_type=\"column\">\n\t\t\t<div class=\"elementor-widget-wrap elementor-element-populated\">\n\t\t\t\t\t\t\t\t<div class=\"elementor-element elementor-element-fe6b2b6 elementor-widget elementor-widget-spacer\" data-id=\"fe6b2b6\" data-element_type=\"widget\" data-widget_type=\"spacer.default\">\n\t\t\t\t<div class=\"elementor-widget-container\">\n\t\t\t\t\t<div class=\"elementor-spacer\">\n\t\t\t<div class=\"elementor-spacer-inner\"><\/div>\n\t\t<\/div>\n\t\t\t\t<\/div>\n\t\t\t\t<\/div>\n\t\t\t\t<div class=\"elementor-element elementor-element-cfceab1 elementor-widget elementor-widget-heading\" data-id=\"cfceab1\" data-element_type=\"widget\" data-widget_type=\"heading.default\">\n\t\t\t\t<div class=\"elementor-widget-container\">\n\t\t\t<h2 class=\"elementor-heading-title elementor-size-default\">Certid\u00f5es<\/h2>\t\t<\/div>\n\t\t\t\t<\/div>\n\t\t\t\t<div class=\"elementor-element elementor-element-fd3af2b elementor-widget elementor-widget-spacer\" data-id=\"fd3af2b\" data-element_type=\"widget\" data-widget_type=\"spacer.default\">\n\t\t\t\t<div class=\"elementor-widget-container\">\n\t\t\t\t\t<div class=\"elementor-spacer\">\n\t\t\t<div class=\"elementor-spacer-inner\"><\/div>\n\t\t<\/div>\n\t\t\t\t<\/div>\n\t\t\t\t<\/div>\n\t\t\t\t<div class=\"elementor-element elementor-element-b847afb elementor-widget elementor-widget-text-editor\" data-id=\"b847afb\" data-element_type=\"widget\" data-widget_type=\"text-editor.default\">\n\t\t\t\t<div class=\"elementor-widget-container\">\n\t\t\t\t\t\t\t<ul>\n \t<li><a title=\"Certid\u00e3o Negativa de D\u00e9bitos Federais e quanto \u00e0 D\u00edvida Ativa da Uni\u00e3o - Pessoa F\u00edsica\" href=\"https:\/\/servicos.receitafederal.gov.br\/servico\/certidoes\/#\/home\/cpf\/\" target=\"_blank\" rel=\"noopener\">Certid\u00e3o Negativa de D\u00e9bitos Federais e quanto \u00e0 D\u00edvida Ativa da Uni\u00e3o &#8211; Pessoa F\u00edsica<\/a><\/li>\n \t<li><a title=\"Certid\u00e3o Negativa de D\u00e9bitos Federais e quanto \u00e0 D\u00edvida Ativa da Uni\u00e3o - Pessoa Jur\u00eddica\" href=\"https:\/\/servicos.receitafederal.gov.br\/servico\/certidoes\/#\/home\/cnpj\/\" target=\"_blank\" rel=\"noopener\">Certid\u00e3o Negativa de D\u00e9bitos Federais e quanto \u00e0 D\u00edvida Ativa da Uni\u00e3o &#8211; Pessoa Jur\u00eddica<\/a><\/li>\n \t<li><a title=\"Certid\u00e3o Negativa de D\u00e9bitos Estaduais\" href=\"https:\/\/www2.fazenda.mg.gov.br\/sol\/\" target=\"_blank\" rel=\"noopener\">Certid\u00e3o Negativa de D\u00e9bitos Estaduais<\/a><\/li>\n \t<li><a title=\"Certid\u00e3o de Regularidade do FGTS\" href=\"https:\/\/consulta-crf.caixa.gov.br\/consultacrf\/pages\/consultaEmpregador.jsf\" target=\"_blank\" rel=\"noopener\">Certid\u00e3o de Regularidade do FGTS<\/a><\/li>\n \t<li><a title=\"Certid\u00e3o Negativa de D\u00e9bitos Trabalhistas\" href=\"https:\/\/www.tst.jus.br\/certidao1\" target=\"_blank\" rel=\"noopener\">Certid\u00e3o Negativa de D\u00e9bitos Trabalhistas<\/a><\/li>\n \t<li><a title=\"Certid\u00e3o Negativa de Fal\u00eancia e\/ou Concordata\" href=\"https:\/\/www.tjmg.jus.br\/portal-tjmg\/processos\/certidao-judicial\/#!\" target=\"_blank\" rel=\"noopener\">Certid\u00e3o Negativa de Fal\u00eancia e\/ou Concordata<\/a><\/li>\n<\/ul>\t\t\t\t\t\t<\/div>\n\t\t\t\t<\/div>\n\t\t\t\t\t<\/div>\n\t\t<\/div>\n\t\t\t\t\t\t\t<\/div>\n\t\t<\/section>\n\t\t\t\t\t\t\t<\/div>\n\t\t","protected":false},"excerpt":{"rendered":"<p>Links \u00dateis \u00d3RG\u00c3OS P\u00daBLICOS E GOVERNO Receita Federal Secretaria de Fazenda de Minas Gerais Portal do Empreendedor Portal de Acesso GOV Sebrae Meu INSS Portal do Simples Nacional Sintegra Prefeitura Municipal de Bueno Brand\u00e3o Minist\u00e9rio do Trabalho e Previd\u00eancia Caixa Econ\u00f4mica Federal Utilidades Consulta CNPJ Consulta CPF C\u00e1lculo de INSS em atraso C\u00e1lculo de Impostos [&hellip;]<\/p>\n","protected":false},"author":1,"featured_media":0,"parent":0,"menu_order":0,"comment_status":"closed","ping_status":"closed","template":"","meta":{"om_disable_all_campaigns":false,"_mi_skip_tracking":false,"_monsterinsights_sitenote_active":false,"_monsterinsights_sitenote_note":"","_monsterinsights_sitenote_category":0},"aioseo_notices":[],"_links":{"self":[{"href":"https:\/\/contabilandery.com.br\/index.php\/wp-json\/wp\/v2\/pages\/2082"}],"collection":[{"href":"https:\/\/contabilandery.com.br\/index.php\/wp-json\/wp\/v2\/pages"}],"about":[{"href":"https:\/\/contabilandery.com.br\/index.php\/wp-json\/wp\/v2\/types\/page"}],"author":[{"embeddable":true,"href":"https:\/\/contabilandery.com.br\/index.php\/wp-json\/wp\/v2\/users\/1"}],"replies":[{"embeddable":true,"href":"https:\/\/contabilandery.com.br\/index.php\/wp-json\/wp\/v2\/comments?post=2082"}],"version-history":[{"count":81,"href":"https:\/\/contabilandery.com.br\/index.php\/wp-json\/wp\/v2\/pages\/2082\/revisions"}],"predecessor-version":[{"id":2360,"href":"https:\/\/contabilandery.com.br\/index.php\/wp-json\/wp\/v2\/pages\/2082\/revisions\/2360"}],"wp:attachment":[{"href":"https:\/\/contabilandery.com.br\/index.php\/wp-json\/wp\/v2\/media?parent=2082"}],"curies":[{"name":"wp","href":"https:\/\/api.w.org\/{rel}","templated":true}]}}