{"id":2234,"date":"2022-08-16T16:44:25","date_gmt":"2022-08-16T19:44:25","guid":{"rendered":"https:\/\/contabilandery.com.br\/?page_id=2234"},"modified":"2022-08-16T20:30:23","modified_gmt":"2022-08-16T23:30:23","slug":"mei","status":"publish","type":"page","link":"https:\/\/contabilandery.com.br\/index.php\/mei\/","title":{"rendered":"MEI"},"content":{"rendered":"\t\t<div data-elementor-type=\"wp-page\" data-elementor-id=\"2234\" class=\"elementor elementor-2234\">\n\t\t\t\t\t\t\t\t\t<section class=\"elementor-section elementor-top-section elementor-element elementor-element-3fa5186 elementor-section-boxed elementor-section-height-default elementor-section-height-default\" data-id=\"3fa5186\" data-element_type=\"section\" data-settings=\"{&quot;background_background&quot;:&quot;classic&quot;}\">\n\t\t\t\t\t\t<div class=\"elementor-container elementor-column-gap-default\">\n\t\t\t\t\t<div class=\"elementor-column elementor-col-100 elementor-top-column elementor-element elementor-element-61e8664\" data-id=\"61e8664\" data-element_type=\"column\">\n\t\t\t<div class=\"elementor-widget-wrap elementor-element-populated\">\n\t\t\t\t\t\t\t\t<div class=\"elementor-element elementor-element-519adb6 elementor-widget elementor-widget-spacer\" data-id=\"519adb6\" data-element_type=\"widget\" data-widget_type=\"spacer.default\">\n\t\t\t\t<div class=\"elementor-widget-container\">\n\t\t\t<style>\/*! elementor - v3.6.0 - 21-03-2022 *\/\n.e-container.e-container--row .elementor-spacer-inner{width:var(--spacer-size)}.e-container.e-container--column .elementor-spacer-inner,.elementor-column .elementor-spacer-inner{height:var(--spacer-size)}<\/style>\t\t<div class=\"elementor-spacer\">\n\t\t\t<div class=\"elementor-spacer-inner\"><\/div>\n\t\t<\/div>\n\t\t\t\t<\/div>\n\t\t\t\t<\/div>\n\t\t\t\t<div class=\"elementor-element elementor-element-6b9755b elementor-widget elementor-widget-heading\" data-id=\"6b9755b\" data-element_type=\"widget\" data-widget_type=\"heading.default\">\n\t\t\t\t<div class=\"elementor-widget-container\">\n\t\t\t<style>\/*! elementor - v3.6.0 - 21-03-2022 *\/\n.elementor-heading-title{padding:0;margin:0;line-height:1}.elementor-widget-heading .elementor-heading-title[class*=elementor-size-]>a{color:inherit;font-size:inherit;line-height:inherit}.elementor-widget-heading .elementor-heading-title.elementor-size-small{font-size:15px}.elementor-widget-heading .elementor-heading-title.elementor-size-medium{font-size:19px}.elementor-widget-heading .elementor-heading-title.elementor-size-large{font-size:29px}.elementor-widget-heading .elementor-heading-title.elementor-size-xl{font-size:39px}.elementor-widget-heading .elementor-heading-title.elementor-size-xxl{font-size:59px}<\/style><h2 class=\"elementor-heading-title elementor-size-default\">MEI<\/h2>\t\t<\/div>\n\t\t\t\t<\/div>\n\t\t\t\t<div class=\"elementor-element elementor-element-21b86d6 elementor-widget elementor-widget-spacer\" data-id=\"21b86d6\" data-element_type=\"widget\" data-widget_type=\"spacer.default\">\n\t\t\t\t<div class=\"elementor-widget-container\">\n\t\t\t\t\t<div class=\"elementor-spacer\">\n\t\t\t<div class=\"elementor-spacer-inner\"><\/div>\n\t\t<\/div>\n\t\t\t\t<\/div>\n\t\t\t\t<\/div>\n\t\t\t\t\t<\/div>\n\t\t<\/div>\n\t\t\t\t\t\t\t<\/div>\n\t\t<\/section>\n\t\t\t\t<section class=\"elementor-section elementor-top-section elementor-element elementor-element-ecf4eda elementor-section-boxed elementor-section-height-default elementor-section-height-default\" data-id=\"ecf4eda\" data-element_type=\"section\">\n\t\t\t\t\t\t<div class=\"elementor-container elementor-column-gap-default\">\n\t\t\t\t\t<div class=\"elementor-column elementor-col-100 elementor-top-column elementor-element elementor-element-b916178\" data-id=\"b916178\" data-element_type=\"column\">\n\t\t\t<div class=\"elementor-widget-wrap elementor-element-populated\">\n\t\t\t\t\t\t\t\t<div class=\"elementor-element elementor-element-c915e2e elementor-widget elementor-widget-spacer\" data-id=\"c915e2e\" data-element_type=\"widget\" data-widget_type=\"spacer.default\">\n\t\t\t\t<div class=\"elementor-widget-container\">\n\t\t\t\t\t<div class=\"elementor-spacer\">\n\t\t\t<div class=\"elementor-spacer-inner\"><\/div>\n\t\t<\/div>\n\t\t\t\t<\/div>\n\t\t\t\t<\/div>\n\t\t\t\t\t<\/div>\n\t\t<\/div>\n\t\t\t\t\t\t\t<\/div>\n\t\t<\/section>\n\t\t\t\t<section class=\"elementor-section elementor-top-section elementor-element elementor-element-f53f861 elementor-section-boxed elementor-section-height-default elementor-section-height-default\" data-id=\"f53f861\" data-element_type=\"section\" data-settings=\"{&quot;background_background&quot;:&quot;classic&quot;}\">\n\t\t\t\t\t\t<div class=\"elementor-container elementor-column-gap-default\">\n\t\t\t\t\t<div class=\"elementor-column elementor-col-100 elementor-top-column elementor-element elementor-element-faf44d8\" data-id=\"faf44d8\" data-element_type=\"column\">\n\t\t\t<div class=\"elementor-widget-wrap elementor-element-populated\">\n\t\t\t\t\t\t\t\t<div class=\"elementor-element elementor-element-54a5e00 elementor-widget elementor-widget-text-editor\" data-id=\"54a5e00\" data-element_type=\"widget\" data-widget_type=\"text-editor.default\">\n\t\t\t\t<div class=\"elementor-widget-container\">\n\t\t\t<style>\/*! elementor - v3.6.0 - 21-03-2022 *\/\n.elementor-widget-text-editor.elementor-drop-cap-view-stacked .elementor-drop-cap{background-color:#818a91;color:#fff}.elementor-widget-text-editor.elementor-drop-cap-view-framed .elementor-drop-cap{color:#818a91;border:3px solid;background-color:transparent}.elementor-widget-text-editor:not(.elementor-drop-cap-view-default) .elementor-drop-cap{margin-top:8px}.elementor-widget-text-editor:not(.elementor-drop-cap-view-default) .elementor-drop-cap-letter{width:1em;height:1em}.elementor-widget-text-editor .elementor-drop-cap{float:left;text-align:center;line-height:1;font-size:50px}.elementor-widget-text-editor .elementor-drop-cap-letter{display:inline-block}<\/style>\t\t\t\t<p><b>Perguntas frequentes sobre o MEI:<\/b><\/p>\t\t\t\t\t\t<\/div>\n\t\t\t\t<\/div>\n\t\t\t\t<div class=\"elementor-element elementor-element-a9a1eea elementor-widget elementor-widget-text-editor\" data-id=\"a9a1eea\" data-element_type=\"widget\" data-widget_type=\"text-editor.default\">\n\t\t\t\t<div class=\"elementor-widget-container\">\n\t\t\t\t\t\t\t<p>1)\u00a0O que significa MEI?<\/p>\t\t\t\t\t\t<\/div>\n\t\t\t\t<\/div>\n\t\t\t\t<div class=\"elementor-element elementor-element-ff31033 elementor-widget elementor-widget-text-editor\" data-id=\"ff31033\" data-element_type=\"widget\" data-widget_type=\"text-editor.default\">\n\t\t\t\t<div class=\"elementor-widget-container\">\n\t\t\t\t\t\t\t<p><span style=\"font-family: var( --e-global-typography-text-font-family ), Sans-serif; font-style: inherit; text-transform: inherit;\">MEI significa Microeempreendedor Individual, e representa uma categoria de empresa para quem trabalha por conta pr\u00f3pria e fatura at\u00e9 R$ 81 mil por ano.<\/span><br><\/p><p><span style=\"font-family: var( --e-global-typography-text-font-family ), Sans-serif; font-style: inherit; text-transform: inherit;\">Seu objetivo \u00e9 dar cidadania empresarial aos brasileiros que vivem na informalidade.<\/span><\/p>\t\t\t\t\t\t<\/div>\n\t\t\t\t<\/div>\n\t\t\t\t<div class=\"elementor-element elementor-element-5b13a41 elementor-widget elementor-widget-spacer\" data-id=\"5b13a41\" data-element_type=\"widget\" data-widget_type=\"spacer.default\">\n\t\t\t\t<div class=\"elementor-widget-container\">\n\t\t\t\t\t<div class=\"elementor-spacer\">\n\t\t\t<div class=\"elementor-spacer-inner\"><\/div>\n\t\t<\/div>\n\t\t\t\t<\/div>\n\t\t\t\t<\/div>\n\t\t\t\t<div class=\"elementor-element elementor-element-20884df elementor-widget elementor-widget-text-editor\" data-id=\"20884df\" data-element_type=\"widget\" data-widget_type=\"text-editor.default\">\n\t\t\t\t<div class=\"elementor-widget-container\">\n\t\t\t\t\t\t\t<p>2) Como ser MEI?<\/p>\t\t\t\t\t\t<\/div>\n\t\t\t\t<\/div>\n\t\t\t\t<div class=\"elementor-element elementor-element-514bb53 elementor-widget elementor-widget-text-editor\" data-id=\"514bb53\" data-element_type=\"widget\" data-widget_type=\"text-editor.default\">\n\t\t\t\t<div class=\"elementor-widget-container\">\n\t\t\t\t\t\t\t<p>O registro como do MEI \u00e9 gratuito e deve ser feita pelo Portal do Empreendedor no endere\u00e7o&nbsp;<a href=\"https:\/\/www.gov.br\/empresas-e-negocios\/pt-br\/empreendedor\" target=\"_blank\">www.portaldoempreendedor.gov.br<\/a>.<\/p>\n<p>Para poder de registrar como MEI, \u00e9 necess\u00e1rio cumprir alguns requisitos b\u00e1sicos:<\/p>\n<p>&nbsp; &nbsp; &nbsp;a) Exercer atividade permitida como MEI, visto que nem todas as atividades podem ser MEI;<br>&nbsp; &nbsp; &nbsp;b) Possuir faturamento anual de at\u00e9 R$ 81.000,00 (equivalente a uma m\u00e9dia mensal de R$ 6.750,00)<br>&nbsp; &nbsp; &nbsp;c) N\u00e3o ser s\u00f3cio ou propriet\u00e1rio de outra empresa;<br>&nbsp; &nbsp; &nbsp;d) Possui apenas um empregado registrado.<\/p>\t\t\t\t\t\t<\/div>\n\t\t\t\t<\/div>\n\t\t\t\t<div class=\"elementor-element elementor-element-36cf83b elementor-widget elementor-widget-spacer\" data-id=\"36cf83b\" data-element_type=\"widget\" data-widget_type=\"spacer.default\">\n\t\t\t\t<div class=\"elementor-widget-container\">\n\t\t\t\t\t<div class=\"elementor-spacer\">\n\t\t\t<div class=\"elementor-spacer-inner\"><\/div>\n\t\t<\/div>\n\t\t\t\t<\/div>\n\t\t\t\t<\/div>\n\t\t\t\t<div class=\"elementor-element elementor-element-aa3370a elementor-widget elementor-widget-text-editor\" data-id=\"aa3370a\" data-element_type=\"widget\" data-widget_type=\"text-editor.default\">\n\t\t\t\t<div class=\"elementor-widget-container\">\n\t\t\t\t\t\t\t<p>3) Quanto custa ser MEI?<\/p>\t\t\t\t\t\t<\/div>\n\t\t\t\t<\/div>\n\t\t\t\t<div class=\"elementor-element elementor-element-5457fa1 elementor-widget elementor-widget-text-editor\" data-id=\"5457fa1\" data-element_type=\"widget\" data-widget_type=\"text-editor.default\">\n\t\t\t\t<div class=\"elementor-widget-container\">\n\t\t\t\t\t\t\t<p>Em 2022, o MEI que n\u00e3o possuir funcion\u00e1rios devem recolher os seguintes valores mensais:<\/p><p>\u00a0 \u00a0 \u00a0a) Atividades de com\u00e9rcio: R$ 61,60;<br \/>\u00a0 \u00a0 \u00a0b) Atividades de servi\u00e7os: R$ 65,60;<br \/>\u00a0 \u00a0 \u00a0c) Atividades de com\u00e9rcio e servi\u00e7os juntas: R$ 66,60.<\/p>\t\t\t\t\t\t<\/div>\n\t\t\t\t<\/div>\n\t\t\t\t<div class=\"elementor-element elementor-element-5cde552 elementor-widget elementor-widget-spacer\" data-id=\"5cde552\" data-element_type=\"widget\" data-widget_type=\"spacer.default\">\n\t\t\t\t<div class=\"elementor-widget-container\">\n\t\t\t\t\t<div class=\"elementor-spacer\">\n\t\t\t<div class=\"elementor-spacer-inner\"><\/div>\n\t\t<\/div>\n\t\t\t\t<\/div>\n\t\t\t\t<\/div>\n\t\t\t\t<div class=\"elementor-element elementor-element-4be2a46 elementor-widget elementor-widget-text-editor\" data-id=\"4be2a46\" data-element_type=\"widget\" data-widget_type=\"text-editor.default\">\n\t\t\t\t<div class=\"elementor-widget-container\">\n\t\t\t\t\t\t\t<p>4) Quais s\u00e3o os benef\u00edcios previdenci\u00e1rios ao formalizar como MEI?<\/p>\t\t\t\t\t\t<\/div>\n\t\t\t\t<\/div>\n\t\t\t\t<div class=\"elementor-element elementor-element-13767ea elementor-widget elementor-widget-text-editor\" data-id=\"13767ea\" data-element_type=\"widget\" data-widget_type=\"text-editor.default\">\n\t\t\t\t<div class=\"elementor-widget-container\">\n\t\t\t\t\t\t\t<p>Ao se formalizar, o MEI passa a ter cobertura previdenci\u00e1ria para o si e sua fam\u00edlia, traduzida nos seguintes benef\u00edcios.<\/p><p>Para o empreendedor:<\/p><p>\u00a0 \u00a0 \u00a0a) Aposentadoria por idade:\u00a0mulher aos 60 anos e homem aos 65, observado a car\u00eancia, que \u00e9 tempo m\u00ednimo de contribui\u00e7\u00e3o de 15 anos;<br \/>\u00a0 \u00a0 \u00a0b) Aposentadoria por invalidez: o MEI tem de contribuir para a Previd\u00eancia Social por no m\u00ednimo 12 meses, a contar do primeiro pagamento em dia;<br \/>\u00a0 \u00a0 \u00a0c) Aux\u00edlio doen\u00e7a: o MEI tem de contribuir para a Previd\u00eancia Social por no m\u00ednimo 12 meses, a contar do primeiro pagamento em dia;<br \/>\u00a0 \u00a0 \u00a0d)Sal\u00e1rio maternidade: s\u00e3o necess\u00e1rios 10 meses de contribui\u00e7\u00e3o, a contar do primeiro pagamento em dia.<\/p><p>Para a fam\u00edlia do empreendedor:<\/p><p>\u00a0 \u00a0 \u00a0a) Pens\u00e3o por morte: a partir do primeiro pagamento em dia. O pagamento n\u00e3o poder\u00e1 ocorrer ap\u00f3s o \u00f3bito;<br \/>\u00a0 \u00a0 \u00a0b) Aux\u00edlio reclus\u00e3o: a partir do primeiro pagamento em dia. O pagamento n\u00e3o poder\u00e1 ocorrer ap\u00f3s a reclus\u00e3o.<\/p>\t\t\t\t\t\t<\/div>\n\t\t\t\t<\/div>\n\t\t\t\t<div class=\"elementor-element elementor-element-7b08721 elementor-widget elementor-widget-spacer\" data-id=\"7b08721\" data-element_type=\"widget\" data-widget_type=\"spacer.default\">\n\t\t\t\t<div class=\"elementor-widget-container\">\n\t\t\t\t\t<div class=\"elementor-spacer\">\n\t\t\t<div class=\"elementor-spacer-inner\"><\/div>\n\t\t<\/div>\n\t\t\t\t<\/div>\n\t\t\t\t<\/div>\n\t\t\t\t<div class=\"elementor-element elementor-element-42ed632 elementor-widget elementor-widget-text-editor\" data-id=\"42ed632\" data-element_type=\"widget\" data-widget_type=\"text-editor.default\">\n\t\t\t\t<div class=\"elementor-widget-container\">\n\t\t\t\t\t\t\t<p>5) O MEI \u00e9 obrigado a emitir nota fiscal?<\/p>\t\t\t\t\t\t<\/div>\n\t\t\t\t<\/div>\n\t\t\t\t<div class=\"elementor-element elementor-element-f7471f4 elementor-widget elementor-widget-text-editor\" data-id=\"f7471f4\" data-element_type=\"widget\" data-widget_type=\"text-editor.default\">\n\t\t\t\t<div class=\"elementor-widget-container\">\n\t\t\t\t\t\t\t<p>O MEI est\u00e1 dispensado da emiss\u00e3o de nota fiscal para consumidor pessoa f\u00edsica, assim como do Cupom Fiscal Eletr\u00f4nico, exceto quando o consumidor exigir a nota fiscal para qualquer fim, por exemplo, garantia do produto ou servi\u00e7o.<\/p><p>Entretanto, est\u00e1 obrigado \u00e0 emiss\u00e3o quando o destinat\u00e1rio da mercadoria ou do servi\u00e7os for outra pessoa jur\u00eddica.<\/p>\t\t\t\t\t\t<\/div>\n\t\t\t\t<\/div>\n\t\t\t\t<div class=\"elementor-element elementor-element-d4684fe elementor-widget elementor-widget-spacer\" data-id=\"d4684fe\" data-element_type=\"widget\" data-widget_type=\"spacer.default\">\n\t\t\t\t<div class=\"elementor-widget-container\">\n\t\t\t\t\t<div class=\"elementor-spacer\">\n\t\t\t<div class=\"elementor-spacer-inner\"><\/div>\n\t\t<\/div>\n\t\t\t\t<\/div>\n\t\t\t\t<\/div>\n\t\t\t\t<div class=\"elementor-element elementor-element-a842fde elementor-widget elementor-widget-text-editor\" data-id=\"a842fde\" data-element_type=\"widget\" data-widget_type=\"text-editor.default\">\n\t\t\t\t<div class=\"elementor-widget-container\">\n\t\t\t\t\t\t\t<p>6) O que acontece se o MEI deixar de cumprir algum requisito para ser MEI?<\/p>\t\t\t\t\t\t<\/div>\n\t\t\t\t<\/div>\n\t\t\t\t<div class=\"elementor-element elementor-element-f4bc2ac elementor-widget elementor-widget-text-editor\" data-id=\"f4bc2ac\" data-element_type=\"widget\" data-widget_type=\"text-editor.default\">\n\t\t\t\t<div class=\"elementor-widget-container\">\n\t\t\t\t\t\t\t<p>Quando o MEI deixa de atender quaisquer das condi\u00e7\u00f5es exigidas e impostas para optar como MEI, como por exemplo ultrapassar o limite de faturamento anual para o MEI, ele \u00e9 desenquadrado do MEI.<\/p><p>O contribuinte desenquadrado como MEI passar\u00e1, a partir da data de in\u00edcio dos efeitos de desenquadramento, a recolher os tributos devidos pela regra geral do Simples Nacional, como Microempresa ou Empresa de Pequeno Porte.<\/p><p>O desenquadramento poder\u00e1 ser por op\u00e7\u00e3o ou obrigat\u00f3rio.<\/p><p>\u00a0 \u00a0 \u00a0a) O desenquadramento por op\u00e7\u00e3o, quando o empreendedor resolver deixar de ser MEI por sua vontade, poder\u00e1 ser realizado a qualquer tempo, produzindo efeitos a partir de 1\u00ba de janeiro do ano-calend\u00e1rio subsequente, exceto quando a comunica\u00e7\u00e3o for feita no m\u00eas de janeiro, quando os efeitos do desenquadramento ocorrer\u00e3o no mesmo ano-calend\u00e1rio;<br \/>\u00a0 \u00a0 \u00a0b) O MEI dever\u00e1 comunicar seu desenquadramento obrigat\u00f3rio quando deixar de atender a qualquer condi\u00e7\u00e3o para ser optante pelo MEI, como por exemplo ultrapassar o limite de receitas para o ano-calend\u00e1rio, contratar mais de um funcion\u00e1rio, abrir uma filial, transformar a empresa em sociedade, etc.<\/p>\t\t\t\t\t\t<\/div>\n\t\t\t\t<\/div>\n\t\t\t\t<div class=\"elementor-element elementor-element-db178a0 elementor-widget elementor-widget-spacer\" data-id=\"db178a0\" data-element_type=\"widget\" data-widget_type=\"spacer.default\">\n\t\t\t\t<div class=\"elementor-widget-container\">\n\t\t\t\t\t<div class=\"elementor-spacer\">\n\t\t\t<div class=\"elementor-spacer-inner\"><\/div>\n\t\t<\/div>\n\t\t\t\t<\/div>\n\t\t\t\t<\/div>\n\t\t\t\t<div class=\"elementor-element elementor-element-3ad1bfb elementor-widget elementor-widget-text-editor\" data-id=\"3ad1bfb\" data-element_type=\"widget\" data-widget_type=\"text-editor.default\">\n\t\t\t\t<div class=\"elementor-widget-container\">\n\t\t\t\t\t\t\t<p>7) O MEI possui limite de compras de mercadorias?<\/p>\t\t\t\t\t\t<\/div>\n\t\t\t\t<\/div>\n\t\t\t\t<div class=\"elementor-element elementor-element-551d3f9 elementor-widget elementor-widget-text-editor\" data-id=\"551d3f9\" data-element_type=\"widget\" data-widget_type=\"text-editor.default\">\n\t\t\t\t<div class=\"elementor-widget-container\">\n\t\t\t\t\t\t\t<p>Muitos n\u00e3o se atentam, mas o MEI possui sim limite para compras de mercadorias.<\/p>\n<p>O limite m\u00e1ximo que o MEI poder\u00e1 efetuar de compras de mercadorias \u00e9 de at\u00e9 80% do valor de suas receitas brutas. Assim, como o limite de faturamento do MEI est\u00e1 em R$ 81.000,00, ele pode comprar no m\u00e1ximo R$ 64.800,00 de mercadorias em 2022.<\/p>\t\t\t\t\t\t<\/div>\n\t\t\t\t<\/div>\n\t\t\t\t<div class=\"elementor-element elementor-element-89804dd elementor-widget elementor-widget-spacer\" data-id=\"89804dd\" data-element_type=\"widget\" data-widget_type=\"spacer.default\">\n\t\t\t\t<div class=\"elementor-widget-container\">\n\t\t\t\t\t<div class=\"elementor-spacer\">\n\t\t\t<div class=\"elementor-spacer-inner\"><\/div>\n\t\t<\/div>\n\t\t\t\t<\/div>\n\t\t\t\t<\/div>\n\t\t\t\t<div class=\"elementor-element elementor-element-0857552 elementor-widget elementor-widget-text-editor\" data-id=\"0857552\" data-element_type=\"widget\" data-widget_type=\"text-editor.default\">\n\t\t\t\t<div class=\"elementor-widget-container\">\n\t\t\t\t\t\t\t<p>8) O MEI possui obriga\u00e7\u00f5es mensais ou anuais?<\/p>\t\t\t\t\t\t<\/div>\n\t\t\t\t<\/div>\n\t\t\t\t<div class=\"elementor-element elementor-element-2775db2 elementor-widget elementor-widget-text-editor\" data-id=\"2775db2\" data-element_type=\"widget\" data-widget_type=\"text-editor.default\">\n\t\t\t\t<div class=\"elementor-widget-container\">\n\t\t\t\t\t\t\t<p><b>&nbsp; &nbsp; &nbsp;<\/b>a)&nbsp;Relat\u00f3rio mensal de receitas brutas:&nbsp;<span style=\"font-style: inherit; text-transform: inherit;\">Todo o m\u00eas, at\u00e9 o dia 20, o MEI deve preencher, mesmo que manualmente, o Relat\u00f3rio Mensal das Receitas que obteve no m\u00eas anterior, e anexar a esse relat\u00f3rio as notas fiscais de compras de produtos e\/ou servi\u00e7os que adquirir, bem como as notas fiscais que emitir.<\/span><\/p>\n<p>&nbsp; &nbsp; &nbsp;b) Declara\u00e7\u00e3o Anual:&nbsp;<span style=\"font-style: inherit; text-transform: inherit;\">Todo ano, o MEI deve declarar o valor do faturamento do ano anterior. A primeira declara\u00e7\u00e3o pode ser preenchida pelo pr\u00f3prio MEI ou pelo contador optante pelo Simples, gratuitamente.<\/span><\/p>\n<p>&nbsp; &nbsp; &nbsp;c) E-Social:&nbsp;<span style=\"font-style: inherit; text-transform: inherit;\">O MEI que possuir empregado registrado est\u00e1 obrigado a enviar os dados ao e-social&nbsp;(Sistema de Escritura\u00e7\u00e3o Digital das Obriga\u00e7\u00f5es Fiscais, Previdenci\u00e1rias e Trabalhistas, institu\u00eddo pelo Decreto n\u00ba 8373\/2014<\/span><span style=\"font-style: inherit; text-transform: inherit;\">, \u00e9 um sistema onde os empregadores passar\u00e3o a comunicar ao Governo, de forma unificada, as informa\u00e7\u00f5es relativas aos trabalhadores, como v\u00ednculos, contribui\u00e7\u00f5es previdenci\u00e1rias, folha de pagamento, comunica\u00e7\u00f5es de acidente de trabalho, aviso pr\u00e9vio, escritura\u00e7\u00f5es fiscais e informa\u00e7\u00f5es sobre o FGTS), de acordo com o cronograma de implanta\u00e7\u00e3o do e-social.<\/span><\/p>\n<p>&nbsp; &nbsp; &nbsp;d) Diferen\u00e7a de al\u00edquota nas entradas de mercadorias de outro Estado:&nbsp;<span style=\"font-style: inherit; text-transform: inherit;\">Quando o MEI adquirir de outro Estado mercadoria para revenda que n\u00e3o esteja sujeita ao regime de Substitui\u00e7\u00e3o Tribut\u00e1ria, deve recolher a diferen\u00e7a entre a al\u00edquota do Estado de destino e o Estado de domic\u00edlio do MEI. Em Minas Gerais, esse recolhimento deve ser feito at\u00e9 o dia 15 do m\u00eas subsequente ao fato gerador, em Documento de Arrecada\u00e7\u00e3o Estadual (DAE) emitido atrav\u00e9s do SIARE.<\/span><\/p>\t\t\t\t\t\t<\/div>\n\t\t\t\t<\/div>\n\t\t\t\t\t<\/div>\n\t\t<\/div>\n\t\t\t\t\t\t\t<\/div>\n\t\t<\/section>\n\t\t\t\t\t\t\t<\/div>\n\t\t","protected":false},"excerpt":{"rendered":"<p>MEI Perguntas frequentes sobre o MEI: 1)\u00a0O que significa MEI? MEI significa Microeempreendedor Individual, e representa uma categoria de empresa para quem trabalha por conta pr\u00f3pria e fatura at\u00e9 R$ 81 mil por ano. Seu objetivo \u00e9 dar cidadania empresarial aos brasileiros que vivem na informalidade. 2) Como ser MEI? O registro como do MEI [&hellip;]<\/p>\n","protected":false},"author":1,"featured_media":0,"parent":0,"menu_order":0,"comment_status":"closed","ping_status":"closed","template":"","meta":{"om_disable_all_campaigns":false,"_mi_skip_tracking":false,"_monsterinsights_sitenote_active":false,"_monsterinsights_sitenote_note":"","_monsterinsights_sitenote_category":0},"aioseo_notices":[],"_links":{"self":[{"href":"https:\/\/contabilandery.com.br\/index.php\/wp-json\/wp\/v2\/pages\/2234"}],"collection":[{"href":"https:\/\/contabilandery.com.br\/index.php\/wp-json\/wp\/v2\/pages"}],"about":[{"href":"https:\/\/contabilandery.com.br\/index.php\/wp-json\/wp\/v2\/types\/page"}],"author":[{"embeddable":true,"href":"https:\/\/contabilandery.com.br\/index.php\/wp-json\/wp\/v2\/users\/1"}],"replies":[{"embeddable":true,"href":"https:\/\/contabilandery.com.br\/index.php\/wp-json\/wp\/v2\/comments?post=2234"}],"version-history":[{"count":26,"href":"https:\/\/contabilandery.com.br\/index.php\/wp-json\/wp\/v2\/pages\/2234\/revisions"}],"predecessor-version":[{"id":2320,"href":"https:\/\/contabilandery.com.br\/index.php\/wp-json\/wp\/v2\/pages\/2234\/revisions\/2320"}],"wp:attachment":[{"href":"https:\/\/contabilandery.com.br\/index.php\/wp-json\/wp\/v2\/media?parent=2234"}],"curies":[{"name":"wp","href":"https:\/\/api.w.org\/{rel}","templated":true}]}}